{"id":25117,"date":"2020-01-17T12:15:01","date_gmt":"2020-01-17T12:15:01","guid":{"rendered":"https:\/\/www.tmgimpianti.com\/certificazione-tuv\/"},"modified":"2025-09-24T11:01:27","modified_gmt":"2025-09-24T11:01:27","slug":"qualita","status":"publish","type":"page","link":"https:\/\/www.tmgimpianti.com\/de\/qualita\/","title":{"rendered":"Certificazione TUV"},"content":{"rendered":"<section id=\"bt_bb_section6a01d02f74d12\" class=\"bt_bb_section bt_bb_layout_boxed_1200 bt_bb_vertical_align_top bt_bb_top_spacing_large bt_bb_bottom_spacing_medium\" style=\"background-position:center;background-size:cover;\" data-bt-override-class=\"null\"><div class=\"bt_bb_background_image_holder_wrapper\"><div class=\"bt_bb_background_image_holder btLazyLoadBackground\"  data-background_image_src=\"https:\/\/www.tmgimpianti.com\/wp-content\/uploads\/2019\/04\/bgn-cases-3.png\" data-parallax-zoom-start=\"1\" data-parallax-zoom-end=\"1\" data-parallax-blur-start=\"0\" data-parallax-blur-end=\"0\" data-parallax-opacity-start=\"1\" data-parallax-opacity-end=\"1\" style=\" background-image: url(&#039;https:\/\/www.tmgimpianti.com\/wp-content\/plugins\/bold-page-builder\/img\/blank.gif&#039;);\"><\/div><\/div><div class=\"bt_bb_port\"><div class=\"bt_bb_cell\"><div class=\"bt_bb_cell_inner\"><div class=\"bt_bb_row \"  data-bt-override-class=\"{}\"><div class=\"bt_bb_row_holder\" ><div  class=\"bt_bb_column col-xxl-12 col-xl-12 bt_bb_vertical_align_top bt_bb_align_left bt_bb_padding_normal bt_bb_animation_fade_in move_up animate\" style=\"; --column-width:12;\" data-width=\"12\" data-bt-override-class=\"{}\"><div class=\"bt_bb_column_content\"><div class=\"bt_bb_column_content_inner\"><header data-bb-version=\"5.4.3\" class=\"bt_bb_headline bt_bb_dash_top bt_bb_subheadline bt_bb_size_medium bt_bb_align_inherit\" data-bt-override-class=\"{}\"><h3 class=\"bt_bb_headline_tag\"><span class=\"bt_bb_headline_content\"><span><u>TMG<\/u> <b>INTEGRIERTE QUALIT\u00c4TS- UND SICHERHEITSPOLITIK<\/b> <\/span><\/span><\/h3><div class=\"bt_bb_headline_subheadline\">Unsere Werte pr\u00e4gen unser Handeln innerhalb und au\u00dferhalb des Unternehmens und bilden die Grundlage unseres Erfolgs in den Gemeinden, in denen wir t\u00e4tig sind. Die Notwendigkeit, in einem sich st\u00e4ndig weiterentwickelnden Markt wettbewerbsf\u00e4hig zu bleiben, die Notwendigkeit, unsere Arbeitsweise zu ver\u00e4ndern, die Entscheidung, niemals allein, sondern gemeinsam mit all unseren Partnern zu wachsen, und der Wunsch, hervorragende Mitarbeiter zu f\u00f6rdern, haben uns dazu veranlasst, einen Werterahmen zu definieren, der uns t\u00e4glich inspiriert.<\/p><br \/>\n<p>TMG Impianti SpA legt gr\u00f6\u00dften Wert auf die Qualit\u00e4t seiner Produkte und Dienstleistungen sowie auf die Gesundheit und Sicherheit seiner Mitarbeiter und integriert diese Ziele in alle Entwicklungs-, Fertigungs-, Installations- und Supportaktivit\u00e4ten f\u00fcr Palettier- und Endverpackungsmaschinen, -systeme und -komponenten.<\/p><br \/>\n<p>Das Unternehmen betrachtet den Einsatz finanzieller, technologischer und fachlicher Ressourcen f\u00fcr Qualit\u00e4t und Schutz vor Arbeitsrisiken als produktive Investition und als konkreten und qualifizierenden Ausdruck seines Engagements f\u00fcr kontinuierliche Verbesserung.<\/p><br \/>\n<p>Das Unternehmen ist bestrebt, sein Qualit\u00e4ts-, Gesundheits- und Sicherheitsmanagementsystem effektiv und konform mit den Vorschriften zu halten und beabsichtigt, Produkte herzustellen und zu vertreiben, die f\u00fcr Kunden sicher sind und h\u00f6chsten Qualit\u00e4tsstandards entsprechen. Die Organisation beabsichtigt au\u00dferdem, Risiken f\u00fcr die Gesundheit und Sicherheit ihrer Mitarbeiter und Auftragnehmer\/Besucher, soweit technisch m\u00f6glich und wirtschaftlich vertretbar, zu minimieren und die oben genannten Ziele zu erreichen:<br \/><br \/>\n\u2022 Sicherstellung der Einhaltung der geltenden Gesetze und freiwilligen Anforderungen;<br \/><br \/>\n\u2022 Erzielung objektiv messbarer Ergebnisse hinsichtlich der Leistung und Wirksamkeit von Prozessen durch Definition und kontinuierliche \u00dcberwachung von Zielen und Vorgaben f\u00fcr Qualit\u00e4t und den Schutz der Gesundheit und Sicherheit ihrer Mitarbeiter;<br \/><br \/>\n\u2022 Ergreifung aller organisatorischen, betrieblichen und technologischen Ma\u00dfnahmen zur Verh\u00fctung von Unf\u00e4llen (einschlie\u00dflich Verkehrsunf\u00e4llen mit Reisenden), Arbeitsunf\u00e4llen und Berufskrankheiten;<br \/><br \/>\n\u2022 Einbeziehung und Konsultation aller Mitarbeiter in Unternehmensinitiativen zur Beseitigung und Reduzierung von Risiken am Arbeitsplatz, F\u00f6rderung korrekter und sicherer Betriebspraktiken und der Verwendung pers\u00f6nlicher Schutzausr\u00fcstung;<br \/><br \/>\n\u2022 Ergreifung aller Ma\u00dfnahmen zur Vermeidung oder zumindest L\u00f6sung von Beschwerden hinsichtlich der Qualit\u00e4t der gelieferten Produkte oder festgestellter Nichtkonformit\u00e4ten durch kontinuierliche \u00dcberwachung dieser Aspekte w\u00e4hrend des gesamten Produktionszyklus;<br \/><br \/>\n\u2022 Sicherstellung, dass das System durch regelm\u00e4\u00dfige und systematische Informations-, Schulungs- und Sensibilisierungsma\u00dfnahmen f\u00fcr alle Mitarbeiter, Partner, Lieferanten, Auftragnehmer und Besucher unterst\u00fctzt wird;<br \/><br \/>\n\u2022 Sicherstellung einer regelm\u00e4\u00dfigen \u00dcberpr\u00fcfung der Unternehmenspolitik und des Managementsystems, um sicherzustellen, dass diese stets aktuell und an die Unternehmensrealit\u00e4t und den Kontext, in dem die Organisation t\u00e4tig ist, angepasst sind und den Bed\u00fcrfnissen und Erwartungen aller Beteiligten entsprechen;<br \/><br \/>\n\u2022 Sicherstellung, dass die hierin dargelegte integrierte Politik und das zugeh\u00f6rige Managementsystem auf allen Ebenen der Organisation verstanden, umgesetzt und aufrechterhalten werden;<br \/><br \/>\n\u2022 Sicherstellung, dass dieses Dokument extern verf\u00fcgbar ist und den f\u00fcr die Organisation t\u00e4tigen Personen, wie z. B. Auftragnehmern und Lieferanten, mitgeteilt wird.<\/p><br \/>\n<p>Die Einhaltung der oben genannten Grunds\u00e4tze wird durch den Erwerb und die Aufrechterhaltung der folgenden Zertifizierungen gew\u00e4hrleistet:<br \/><br \/>\n\u2022 Qualit\u00e4t gem\u00e4\u00df der Norm UNI EN ISO 9001:2015;<br \/><br \/>\n\u2022 Gesundheit und Sicherheit gem\u00e4\u00df der Norm UNI EN ISO 45001:2023;<\/div><\/header><div class=\"bt_bb_separator bt_bb_border_style_none bt_bb_bottom_spacing_medium\" data-bt-override-class=\"null\"><\/div><div class=\"bt_bb_image bt_bb_shape_square bt_bb_target_self bt_bb_align_inherit bt_bb_hover_style_to-grayscale bt_bb_content_display_always bt_bb_content_align_middle\" data-bt-override-class=\"{}\"><span><img loading=\"lazy\" decoding=\"async\" width=\"420\" height=\"164\" src=\"https:\/\/www.tmgimpianti.com\/wp-content\/uploads\/2020\/01\/tuv.png\" class=\"attachment-full size-full\" alt=\"https:\/\/www.tmgimpianti.com\/wp-content\/uploads\/2020\/01\/tuv.png\" data-full_image_src=\"https:\/\/www.tmgimpianti.com\/wp-content\/uploads\/2020\/01\/tuv.png\" title=\"tuv\" srcset=\"https:\/\/www.tmgimpianti.com\/wp-content\/uploads\/2020\/01\/tuv.png 420w, https:\/\/www.tmgimpianti.com\/wp-content\/uploads\/2020\/01\/tuv-320x125.png 320w\" sizes=\"auto, (max-width: 420px) 100vw, 420px\" \/><\/span><\/div><\/div><\/div><\/div><\/div><\/div><\/div><!-- cell_inner --><\/div><!-- cell --><\/div><!-- port --><\/section>\n","protected":false},"excerpt":{"rendered":"","protected":false},"author":1,"featured_media":0,"parent":0,"menu_order":0,"comment_status":"closed","ping_status":"closed","template":"","meta":{"_acf_changed":false,"footnotes":""},"class_list":["post-25117","page","type-page","status-publish","hentry"],"acf":[],"yoast_head":"<!-- This site is optimized with the Yoast SEO plugin v27.5 - https:\/\/yoast.com\/product\/yoast-seo-wordpress\/ -->\n<title>Certificazione TUV - TMG Impianti<\/title>\n<meta name=\"robots\" content=\"index, follow, max-snippet:-1, max-image-preview:large, max-video-preview:-1\" \/>\n<link rel=\"canonical\" href=\"https:\/\/www.tmgimpianti.com\/de\/qualita\/\" \/>\n<meta property=\"og:locale\" content=\"de_DE\" \/>\n<meta property=\"og:type\" content=\"article\" \/>\n<meta property=\"og:title\" content=\"Certificazione TUV - TMG Impianti\" \/>\n<meta property=\"og:url\" content=\"https:\/\/www.tmgimpianti.com\/de\/qualita\/\" \/>\n<meta property=\"og:site_name\" content=\"TMG Impianti\" \/>\n<meta property=\"article:publisher\" content=\"https:\/\/www.facebook.com\/TMGimpianti\/\" \/>\n<meta property=\"article:modified_time\" content=\"2025-09-24T11:01:27+00:00\" \/>\n<meta name=\"twitter:card\" content=\"summary_large_image\" \/>\n<meta name=\"twitter:label1\" content=\"Gesch\u00e4tzte Lesezeit\" \/>\n\t<meta name=\"twitter:data1\" content=\"4\u00a0Minuten\" \/>\n<script type=\"application\/ld+json\" class=\"yoast-schema-graph\">{\"@context\":\"https:\\\/\\\/schema.org\",\"@graph\":[{\"@type\":\"WebPage\",\"@id\":\"https:\\\/\\\/www.tmgimpianti.com\\\/de\\\/qualita\\\/\",\"url\":\"https:\\\/\\\/www.tmgimpianti.com\\\/de\\\/qualita\\\/\",\"name\":\"Certificazione TUV - TMG Impianti\",\"isPartOf\":{\"@id\":\"https:\\\/\\\/www.tmgimpianti.com\\\/de\\\/#website\"},\"datePublished\":\"2020-01-17T12:15:01+00:00\",\"dateModified\":\"2025-09-24T11:01:27+00:00\",\"breadcrumb\":{\"@id\":\"https:\\\/\\\/www.tmgimpianti.com\\\/de\\\/qualita\\\/#breadcrumb\"},\"inLanguage\":\"de\",\"potentialAction\":[{\"@type\":\"ReadAction\",\"target\":[\"https:\\\/\\\/www.tmgimpianti.com\\\/de\\\/qualita\\\/\"]}]},{\"@type\":\"BreadcrumbList\",\"@id\":\"https:\\\/\\\/www.tmgimpianti.com\\\/de\\\/qualita\\\/#breadcrumb\",\"itemListElement\":[{\"@type\":\"ListItem\",\"position\":1,\"name\":\"Home\",\"item\":\"https:\\\/\\\/www.tmgimpianti.com\\\/de\\\/\"},{\"@type\":\"ListItem\",\"position\":2,\"name\":\"Certificazione TUV\"}]},{\"@type\":\"WebSite\",\"@id\":\"https:\\\/\\\/www.tmgimpianti.com\\\/de\\\/#website\",\"url\":\"https:\\\/\\\/www.tmgimpianti.com\\\/de\\\/\",\"name\":\"TMG Impianti\",\"description\":\"Soluzioni automatizzate per imballaggi\",\"publisher\":{\"@id\":\"https:\\\/\\\/www.tmgimpianti.com\\\/de\\\/#organization\"},\"potentialAction\":[{\"@type\":\"SearchAction\",\"target\":{\"@type\":\"EntryPoint\",\"urlTemplate\":\"https:\\\/\\\/www.tmgimpianti.com\\\/de\\\/?s={search_term_string}\"},\"query-input\":{\"@type\":\"PropertyValueSpecification\",\"valueRequired\":true,\"valueName\":\"search_term_string\"}}],\"inLanguage\":\"de\"},{\"@type\":\"Organization\",\"@id\":\"https:\\\/\\\/www.tmgimpianti.com\\\/de\\\/#organization\",\"name\":\"TMG Impianti S.P.A.\",\"url\":\"https:\\\/\\\/www.tmgimpianti.com\\\/de\\\/\",\"logo\":{\"@type\":\"ImageObject\",\"inLanguage\":\"de\",\"@id\":\"https:\\\/\\\/www.tmgimpianti.com\\\/de\\\/#\\\/schema\\\/logo\\\/image\\\/\",\"url\":\"https:\\\/\\\/www.tmgimpianti.com\\\/wp-content\\\/uploads\\\/2019\\\/09\\\/TMG-ico.png\",\"contentUrl\":\"https:\\\/\\\/www.tmgimpianti.com\\\/wp-content\\\/uploads\\\/2019\\\/09\\\/TMG-ico.png\",\"width\":512,\"height\":512,\"caption\":\"TMG Impianti S.P.A.\"},\"image\":{\"@id\":\"https:\\\/\\\/www.tmgimpianti.com\\\/de\\\/#\\\/schema\\\/logo\\\/image\\\/\"},\"sameAs\":[\"https:\\\/\\\/www.facebook.com\\\/TMGimpianti\\\/\",\"https:\\\/\\\/www.instagram.com\\\/tmgimpianti\\\/\"]}]}<\/script>\n<!-- \/ Yoast SEO plugin. -->","yoast_head_json":{"title":"Certificazione TUV - TMG Impianti","robots":{"index":"index","follow":"follow","max-snippet":"max-snippet:-1","max-image-preview":"max-image-preview:large","max-video-preview":"max-video-preview:-1"},"canonical":"https:\/\/www.tmgimpianti.com\/de\/qualita\/","og_locale":"de_DE","og_type":"article","og_title":"Certificazione TUV - TMG Impianti","og_url":"https:\/\/www.tmgimpianti.com\/de\/qualita\/","og_site_name":"TMG Impianti","article_publisher":"https:\/\/www.facebook.com\/TMGimpianti\/","article_modified_time":"2025-09-24T11:01:27+00:00","twitter_card":"summary_large_image","twitter_misc":{"Gesch\u00e4tzte Lesezeit":"4\u00a0Minuten"},"schema":{"@context":"https:\/\/schema.org","@graph":[{"@type":"WebPage","@id":"https:\/\/www.tmgimpianti.com\/de\/qualita\/","url":"https:\/\/www.tmgimpianti.com\/de\/qualita\/","name":"Certificazione TUV - TMG Impianti","isPartOf":{"@id":"https:\/\/www.tmgimpianti.com\/de\/#website"},"datePublished":"2020-01-17T12:15:01+00:00","dateModified":"2025-09-24T11:01:27+00:00","breadcrumb":{"@id":"https:\/\/www.tmgimpianti.com\/de\/qualita\/#breadcrumb"},"inLanguage":"de","potentialAction":[{"@type":"ReadAction","target":["https:\/\/www.tmgimpianti.com\/de\/qualita\/"]}]},{"@type":"BreadcrumbList","@id":"https:\/\/www.tmgimpianti.com\/de\/qualita\/#breadcrumb","itemListElement":[{"@type":"ListItem","position":1,"name":"Home","item":"https:\/\/www.tmgimpianti.com\/de\/"},{"@type":"ListItem","position":2,"name":"Certificazione TUV"}]},{"@type":"WebSite","@id":"https:\/\/www.tmgimpianti.com\/de\/#website","url":"https:\/\/www.tmgimpianti.com\/de\/","name":"TMG Impianti","description":"Soluzioni automatizzate per imballaggi","publisher":{"@id":"https:\/\/www.tmgimpianti.com\/de\/#organization"},"potentialAction":[{"@type":"SearchAction","target":{"@type":"EntryPoint","urlTemplate":"https:\/\/www.tmgimpianti.com\/de\/?s={search_term_string}"},"query-input":{"@type":"PropertyValueSpecification","valueRequired":true,"valueName":"search_term_string"}}],"inLanguage":"de"},{"@type":"Organization","@id":"https:\/\/www.tmgimpianti.com\/de\/#organization","name":"TMG Impianti S.P.A.","url":"https:\/\/www.tmgimpianti.com\/de\/","logo":{"@type":"ImageObject","inLanguage":"de","@id":"https:\/\/www.tmgimpianti.com\/de\/#\/schema\/logo\/image\/","url":"https:\/\/www.tmgimpianti.com\/wp-content\/uploads\/2019\/09\/TMG-ico.png","contentUrl":"https:\/\/www.tmgimpianti.com\/wp-content\/uploads\/2019\/09\/TMG-ico.png","width":512,"height":512,"caption":"TMG Impianti S.P.A."},"image":{"@id":"https:\/\/www.tmgimpianti.com\/de\/#\/schema\/logo\/image\/"},"sameAs":["https:\/\/www.facebook.com\/TMGimpianti\/","https:\/\/www.instagram.com\/tmgimpianti\/"]}]}},"_links":{"self":[{"href":"https:\/\/www.tmgimpianti.com\/de\/wp-json\/wp\/v2\/pages\/25117","targetHints":{"allow":["GET"]}}],"collection":[{"href":"https:\/\/www.tmgimpianti.com\/de\/wp-json\/wp\/v2\/pages"}],"about":[{"href":"https:\/\/www.tmgimpianti.com\/de\/wp-json\/wp\/v2\/types\/page"}],"author":[{"embeddable":true,"href":"https:\/\/www.tmgimpianti.com\/de\/wp-json\/wp\/v2\/users\/1"}],"replies":[{"embeddable":true,"href":"https:\/\/www.tmgimpianti.com\/de\/wp-json\/wp\/v2\/comments?post=25117"}],"version-history":[{"count":8,"href":"https:\/\/www.tmgimpianti.com\/de\/wp-json\/wp\/v2\/pages\/25117\/revisions"}],"predecessor-version":[{"id":54891,"href":"https:\/\/www.tmgimpianti.com\/de\/wp-json\/wp\/v2\/pages\/25117\/revisions\/54891"}],"wp:attachment":[{"href":"https:\/\/www.tmgimpianti.com\/de\/wp-json\/wp\/v2\/media?parent=25117"}],"curies":[{"name":"wp","href":"https:\/\/api.w.org\/{rel}","templated":true}]}}