{"id":25119,"date":"2020-01-17T12:15:01","date_gmt":"2020-01-17T12:15:01","guid":{"rendered":"https:\/\/www.tmgimpianti.com\/certificazione-tuv\/"},"modified":"2025-09-24T12:40:07","modified_gmt":"2025-09-24T12:40:07","slug":"qualita","status":"publish","type":"page","link":"https:\/\/www.tmgimpianti.com\/es\/qualita\/","title":{"rendered":"Certificazione TUV"},"content":{"rendered":"<section id=\"bt_bb_section6a01ce30687d9\" class=\"bt_bb_section bt_bb_layout_boxed_1200 bt_bb_vertical_align_top bt_bb_top_spacing_large bt_bb_bottom_spacing_medium\" style=\"background-position:center;background-size:cover;\" data-bt-override-class=\"null\"><div class=\"bt_bb_background_image_holder_wrapper\"><div class=\"bt_bb_background_image_holder btLazyLoadBackground\"  data-background_image_src=\"https:\/\/www.tmgimpianti.com\/wp-content\/uploads\/2019\/04\/bgn-cases-3.png\" data-parallax-zoom-start=\"1\" data-parallax-zoom-end=\"1\" data-parallax-blur-start=\"0\" data-parallax-blur-end=\"0\" data-parallax-opacity-start=\"1\" data-parallax-opacity-end=\"1\" style=\" background-image: url(&#039;https:\/\/www.tmgimpianti.com\/wp-content\/plugins\/bold-page-builder\/img\/blank.gif&#039;);\"><\/div><\/div><div class=\"bt_bb_port\"><div class=\"bt_bb_cell\"><div class=\"bt_bb_cell_inner\"><div class=\"bt_bb_row \"  data-bt-override-class=\"{}\"><div class=\"bt_bb_row_holder\" ><div  class=\"bt_bb_column col-xxl-12 col-xl-12 bt_bb_vertical_align_top bt_bb_align_left bt_bb_padding_normal bt_bb_animation_fade_in move_up animate\" style=\"; --column-width:12;\" data-width=\"12\" data-bt-override-class=\"{}\"><div class=\"bt_bb_column_content\"><div class=\"bt_bb_column_content_inner\"><header data-bb-version=\"5.4.3\" class=\"bt_bb_headline bt_bb_dash_top bt_bb_subheadline bt_bb_size_medium bt_bb_align_inherit\" data-bt-override-class=\"{}\"><h3 class=\"bt_bb_headline_tag\"><span class=\"bt_bb_headline_content\"><span><u>TMG<\/u> <b>POL\u00cdTICA INTEGRADA DE CALIDAD Y SEGURIDAD<\/b> <\/span><\/span><\/h3><div class=\"bt_bb_headline_subheadline\">Nuestros valores definen nuestra forma de actuar, tanto dentro como fuera de la empresa, y son la base de nuestro \u00e9xito en las comunidades donde operamos. La necesidad de competir en un mercado en constante evoluci\u00f3n, la necesidad de cambiar nuestra forma de trabajar, la decisi\u00f3n de crecer nunca solos, sino junto con todos nuestros colaboradores, y el deseo de formar personas excelentes nos han llevado a definir un marco de valores que nos inspira d\u00eda a d\u00eda.<\/p><br \/>\n<p>TMG Impianti SpA considera la calidad de sus productos y servicios, as\u00ed como la seguridad y salud de su personal, como esenciales, y ha integrado estos objetivos en todas sus actividades de dise\u00f1o, fabricaci\u00f3n, instalaci\u00f3n y soporte de maquinaria, sistemas y componentes de paletizado y final de l\u00ednea.<\/p><br \/>\n<p>La empresa considera que la inversi\u00f3n de recursos financieros, tecnol\u00f3gicos y profesionales dedicados a la calidad y la protecci\u00f3n contra riesgos laborales es una inversi\u00f3n productiva y una expresi\u00f3n concreta y cualificada de su compromiso con la mejora continua.<\/p><br \/>\n<p>La empresa, comprometida con la eficacia y el cumplimiento normativo de su sistema de gesti\u00f3n de Calidad, Seguridad y Salud, se propone producir y distribuir productos seguros para los clientes y que cumplan con los m\u00e1s altos est\u00e1ndares de calidad. La Organizaci\u00f3n tambi\u00e9n se propone minimizar, siempre que sea t\u00e9cnicamente posible y econ\u00f3micamente viable, cualquier riesgo para la salud y la seguridad de su personal y de sus contratistas\/visitantes, y alcanzar los objetivos mencionados:<br \/><br \/>\n\u2022 Garantizar que sus actividades se lleven a cabo de conformidad con la legislaci\u00f3n aplicable y cualquier requisito voluntario;<br \/><br \/>\n\u2022 Obtener resultados, basados  en mediciones objetivas, en relaci\u00f3n con el rendimiento y la eficacia de los procesos mediante la definici\u00f3n y el seguimiento continuo de objetivos y metas de calidad y la protecci\u00f3n de la salud y la seguridad de su personal;<br \/><br \/>\n\u2022 Esforzarse al m\u00e1ximo, organizativa, operativa y tecnol\u00f3gicamente, para prevenir accidentes (incluidos los accidentes de tr\u00e1fico que afecten a personal en desplazamiento), lesiones laborales y enfermedades profesionales;<br \/><br \/>\n\u2022 Involucrar y consultar a todo el personal sobre las iniciativas de la empresa para eliminar y reducir los riesgos laborales, promoviendo pr\u00e1cticas operativas correctas y seguras y el uso de equipos de protecci\u00f3n individual;<br \/><br \/>\n\u2022 Esforzarse al m\u00e1ximo para prevenir, o al menos resolver, cualquier reclamaci\u00f3n relacionada con la calidad del producto suministrado o cualquier incumplimiento detectado, mediante el seguimiento constante de estos aspectos a lo largo de todo el ciclo de producci\u00f3n; \u2022 Garantizar que el sistema se respalde con actividades peri\u00f3dicas y sistem\u00e1ticas de informaci\u00f3n, formaci\u00f3n y concienciaci\u00f3n para todos los empleados, colaboradores, proveedores, contratistas y visitantes;<br \/><br \/>\n\u2022 Garantizar la revisi\u00f3n peri\u00f3dica de la pol\u00edtica y el sistema de gesti\u00f3n de la empresa para garantizar que se mantengan siempre actualizados y se ajusten a la realidad de la empresa y al contexto en el que opera la organizaci\u00f3n, y que satisfagan las necesidades y expectativas de todas las partes interesadas;<br \/><br \/>\n\u2022 Garantizar que la Pol\u00edtica Integrada aqu\u00ed establecida y el sistema de gesti\u00f3n relacionado se comprendan, implementen y mantengan en todos los niveles de la organizaci\u00f3n;<br \/><br \/>\n\u2022 Garantizar que este documento est\u00e9 disponible externamente y se comunique a quienes trabajan para la organizaci\u00f3n, como contratistas y proveedores.<\/p><br \/>\n<p>El cumplimiento de los principios anteriores se garantiza mediante la obtenci\u00f3n y el mantenimiento de las siguientes certificaciones:<br \/><br \/>\n\u2022 Calidad, seg\u00fan la norma UNI EN ISO 9001:2015;<br \/><br \/>\n\u2022 Seguridad y Salud, seg\u00fan la norma UNI EN ISO 45001:2023;<\/div><\/header><div class=\"bt_bb_separator bt_bb_border_style_none bt_bb_bottom_spacing_medium\" data-bt-override-class=\"null\"><\/div><div class=\"bt_bb_image bt_bb_shape_square bt_bb_target_self bt_bb_align_inherit bt_bb_hover_style_to-grayscale bt_bb_content_display_always bt_bb_content_align_middle\" data-bt-override-class=\"{}\"><span><img loading=\"lazy\" decoding=\"async\" width=\"420\" height=\"164\" src=\"https:\/\/www.tmgimpianti.com\/wp-content\/uploads\/2020\/01\/tuv.png\" class=\"attachment-full size-full\" alt=\"https:\/\/www.tmgimpianti.com\/wp-content\/uploads\/2020\/01\/tuv.png\" data-full_image_src=\"https:\/\/www.tmgimpianti.com\/wp-content\/uploads\/2020\/01\/tuv.png\" title=\"tuv\" srcset=\"https:\/\/www.tmgimpianti.com\/wp-content\/uploads\/2020\/01\/tuv.png 420w, https:\/\/www.tmgimpianti.com\/wp-content\/uploads\/2020\/01\/tuv-320x125.png 320w\" sizes=\"auto, (max-width: 420px) 100vw, 420px\" \/><\/span><\/div><\/div><\/div><\/div><\/div><\/div><\/div><!-- cell_inner --><\/div><!-- cell --><\/div><!-- port --><\/section>\n","protected":false},"excerpt":{"rendered":"","protected":false},"author":1,"featured_media":0,"parent":0,"menu_order":0,"comment_status":"closed","ping_status":"closed","template":"","meta":{"_acf_changed":false,"footnotes":""},"class_list":["post-25119","page","type-page","status-publish","hentry"],"acf":[],"yoast_head":"<!-- This site is optimized with the Yoast SEO plugin v27.5 - https:\/\/yoast.com\/product\/yoast-seo-wordpress\/ -->\n<title>Certificazione TUV - TMG Impianti<\/title>\n<meta name=\"robots\" content=\"index, follow, max-snippet:-1, max-image-preview:large, max-video-preview:-1\" \/>\n<link rel=\"canonical\" href=\"https:\/\/www.tmgimpianti.com\/es\/qualita\/\" \/>\n<meta property=\"og:locale\" content=\"es_ES\" \/>\n<meta property=\"og:type\" content=\"article\" \/>\n<meta property=\"og:title\" content=\"Certificazione TUV - TMG Impianti\" \/>\n<meta property=\"og:url\" content=\"https:\/\/www.tmgimpianti.com\/es\/qualita\/\" \/>\n<meta property=\"og:site_name\" content=\"TMG Impianti\" \/>\n<meta property=\"article:publisher\" content=\"https:\/\/www.facebook.com\/TMGimpianti\/\" \/>\n<meta property=\"article:modified_time\" content=\"2025-09-24T12:40:07+00:00\" \/>\n<meta name=\"twitter:card\" content=\"summary_large_image\" \/>\n<meta name=\"twitter:label1\" content=\"Tiempo de lectura\" \/>\n\t<meta name=\"twitter:data1\" content=\"4 minutos\" \/>\n<script type=\"application\/ld+json\" class=\"yoast-schema-graph\">{\"@context\":\"https:\\\/\\\/schema.org\",\"@graph\":[{\"@type\":\"WebPage\",\"@id\":\"https:\\\/\\\/www.tmgimpianti.com\\\/es\\\/qualita\\\/\",\"url\":\"https:\\\/\\\/www.tmgimpianti.com\\\/es\\\/qualita\\\/\",\"name\":\"Certificazione TUV - TMG Impianti\",\"isPartOf\":{\"@id\":\"https:\\\/\\\/www.tmgimpianti.com\\\/es\\\/#website\"},\"datePublished\":\"2020-01-17T12:15:01+00:00\",\"dateModified\":\"2025-09-24T12:40:07+00:00\",\"breadcrumb\":{\"@id\":\"https:\\\/\\\/www.tmgimpianti.com\\\/es\\\/qualita\\\/#breadcrumb\"},\"inLanguage\":\"es\",\"potentialAction\":[{\"@type\":\"ReadAction\",\"target\":[\"https:\\\/\\\/www.tmgimpianti.com\\\/es\\\/qualita\\\/\"]}]},{\"@type\":\"BreadcrumbList\",\"@id\":\"https:\\\/\\\/www.tmgimpianti.com\\\/es\\\/qualita\\\/#breadcrumb\",\"itemListElement\":[{\"@type\":\"ListItem\",\"position\":1,\"name\":\"Home\",\"item\":\"https:\\\/\\\/www.tmgimpianti.com\\\/es\\\/\"},{\"@type\":\"ListItem\",\"position\":2,\"name\":\"Certificazione TUV\"}]},{\"@type\":\"WebSite\",\"@id\":\"https:\\\/\\\/www.tmgimpianti.com\\\/es\\\/#website\",\"url\":\"https:\\\/\\\/www.tmgimpianti.com\\\/es\\\/\",\"name\":\"TMG Impianti\",\"description\":\"Soluzioni automatizzate per imballaggi\",\"publisher\":{\"@id\":\"https:\\\/\\\/www.tmgimpianti.com\\\/es\\\/#organization\"},\"potentialAction\":[{\"@type\":\"SearchAction\",\"target\":{\"@type\":\"EntryPoint\",\"urlTemplate\":\"https:\\\/\\\/www.tmgimpianti.com\\\/es\\\/?s={search_term_string}\"},\"query-input\":{\"@type\":\"PropertyValueSpecification\",\"valueRequired\":true,\"valueName\":\"search_term_string\"}}],\"inLanguage\":\"es\"},{\"@type\":\"Organization\",\"@id\":\"https:\\\/\\\/www.tmgimpianti.com\\\/es\\\/#organization\",\"name\":\"TMG Impianti S.P.A.\",\"url\":\"https:\\\/\\\/www.tmgimpianti.com\\\/es\\\/\",\"logo\":{\"@type\":\"ImageObject\",\"inLanguage\":\"es\",\"@id\":\"https:\\\/\\\/www.tmgimpianti.com\\\/es\\\/#\\\/schema\\\/logo\\\/image\\\/\",\"url\":\"https:\\\/\\\/www.tmgimpianti.com\\\/wp-content\\\/uploads\\\/2019\\\/09\\\/TMG-ico.png\",\"contentUrl\":\"https:\\\/\\\/www.tmgimpianti.com\\\/wp-content\\\/uploads\\\/2019\\\/09\\\/TMG-ico.png\",\"width\":512,\"height\":512,\"caption\":\"TMG Impianti S.P.A.\"},\"image\":{\"@id\":\"https:\\\/\\\/www.tmgimpianti.com\\\/es\\\/#\\\/schema\\\/logo\\\/image\\\/\"},\"sameAs\":[\"https:\\\/\\\/www.facebook.com\\\/TMGimpianti\\\/\",\"https:\\\/\\\/www.instagram.com\\\/tmgimpianti\\\/\"]}]}<\/script>\n<!-- \/ Yoast SEO plugin. -->","yoast_head_json":{"title":"Certificazione TUV - TMG Impianti","robots":{"index":"index","follow":"follow","max-snippet":"max-snippet:-1","max-image-preview":"max-image-preview:large","max-video-preview":"max-video-preview:-1"},"canonical":"https:\/\/www.tmgimpianti.com\/es\/qualita\/","og_locale":"es_ES","og_type":"article","og_title":"Certificazione TUV - TMG Impianti","og_url":"https:\/\/www.tmgimpianti.com\/es\/qualita\/","og_site_name":"TMG Impianti","article_publisher":"https:\/\/www.facebook.com\/TMGimpianti\/","article_modified_time":"2025-09-24T12:40:07+00:00","twitter_card":"summary_large_image","twitter_misc":{"Tiempo de lectura":"4 minutos"},"schema":{"@context":"https:\/\/schema.org","@graph":[{"@type":"WebPage","@id":"https:\/\/www.tmgimpianti.com\/es\/qualita\/","url":"https:\/\/www.tmgimpianti.com\/es\/qualita\/","name":"Certificazione TUV - TMG Impianti","isPartOf":{"@id":"https:\/\/www.tmgimpianti.com\/es\/#website"},"datePublished":"2020-01-17T12:15:01+00:00","dateModified":"2025-09-24T12:40:07+00:00","breadcrumb":{"@id":"https:\/\/www.tmgimpianti.com\/es\/qualita\/#breadcrumb"},"inLanguage":"es","potentialAction":[{"@type":"ReadAction","target":["https:\/\/www.tmgimpianti.com\/es\/qualita\/"]}]},{"@type":"BreadcrumbList","@id":"https:\/\/www.tmgimpianti.com\/es\/qualita\/#breadcrumb","itemListElement":[{"@type":"ListItem","position":1,"name":"Home","item":"https:\/\/www.tmgimpianti.com\/es\/"},{"@type":"ListItem","position":2,"name":"Certificazione TUV"}]},{"@type":"WebSite","@id":"https:\/\/www.tmgimpianti.com\/es\/#website","url":"https:\/\/www.tmgimpianti.com\/es\/","name":"TMG Impianti","description":"Soluzioni automatizzate per imballaggi","publisher":{"@id":"https:\/\/www.tmgimpianti.com\/es\/#organization"},"potentialAction":[{"@type":"SearchAction","target":{"@type":"EntryPoint","urlTemplate":"https:\/\/www.tmgimpianti.com\/es\/?s={search_term_string}"},"query-input":{"@type":"PropertyValueSpecification","valueRequired":true,"valueName":"search_term_string"}}],"inLanguage":"es"},{"@type":"Organization","@id":"https:\/\/www.tmgimpianti.com\/es\/#organization","name":"TMG Impianti S.P.A.","url":"https:\/\/www.tmgimpianti.com\/es\/","logo":{"@type":"ImageObject","inLanguage":"es","@id":"https:\/\/www.tmgimpianti.com\/es\/#\/schema\/logo\/image\/","url":"https:\/\/www.tmgimpianti.com\/wp-content\/uploads\/2019\/09\/TMG-ico.png","contentUrl":"https:\/\/www.tmgimpianti.com\/wp-content\/uploads\/2019\/09\/TMG-ico.png","width":512,"height":512,"caption":"TMG Impianti S.P.A."},"image":{"@id":"https:\/\/www.tmgimpianti.com\/es\/#\/schema\/logo\/image\/"},"sameAs":["https:\/\/www.facebook.com\/TMGimpianti\/","https:\/\/www.instagram.com\/tmgimpianti\/"]}]}},"_links":{"self":[{"href":"https:\/\/www.tmgimpianti.com\/es\/wp-json\/wp\/v2\/pages\/25119","targetHints":{"allow":["GET"]}}],"collection":[{"href":"https:\/\/www.tmgimpianti.com\/es\/wp-json\/wp\/v2\/pages"}],"about":[{"href":"https:\/\/www.tmgimpianti.com\/es\/wp-json\/wp\/v2\/types\/page"}],"author":[{"embeddable":true,"href":"https:\/\/www.tmgimpianti.com\/es\/wp-json\/wp\/v2\/users\/1"}],"replies":[{"embeddable":true,"href":"https:\/\/www.tmgimpianti.com\/es\/wp-json\/wp\/v2\/comments?post=25119"}],"version-history":[{"count":8,"href":"https:\/\/www.tmgimpianti.com\/es\/wp-json\/wp\/v2\/pages\/25119\/revisions"}],"predecessor-version":[{"id":54894,"href":"https:\/\/www.tmgimpianti.com\/es\/wp-json\/wp\/v2\/pages\/25119\/revisions\/54894"}],"wp:attachment":[{"href":"https:\/\/www.tmgimpianti.com\/es\/wp-json\/wp\/v2\/media?parent=25119"}],"curies":[{"name":"wp","href":"https:\/\/api.w.org\/{rel}","templated":true}]}}