{"id":25116,"date":"2020-01-17T12:15:01","date_gmt":"2020-01-17T12:15:01","guid":{"rendered":"https:\/\/www.tmgimpianti.com\/certificazione-tuv\/"},"modified":"2025-09-24T11:00:43","modified_gmt":"2025-09-24T11:00:43","slug":"qualita","status":"publish","type":"page","link":"https:\/\/www.tmgimpianti.com\/fr\/qualita\/","title":{"rendered":"Certificazione TUV"},"content":{"rendered":"<section id=\"bt_bb_section6a01ce1702b13\" class=\"bt_bb_section bt_bb_layout_boxed_1200 bt_bb_vertical_align_top bt_bb_top_spacing_large bt_bb_bottom_spacing_medium\" style=\"background-position:center;background-size:cover;\" data-bt-override-class=\"null\"><div class=\"bt_bb_background_image_holder_wrapper\"><div class=\"bt_bb_background_image_holder btLazyLoadBackground\"  data-background_image_src=\"https:\/\/www.tmgimpianti.com\/wp-content\/uploads\/2019\/04\/bgn-cases-3.png\" data-parallax-zoom-start=\"1\" data-parallax-zoom-end=\"1\" data-parallax-blur-start=\"0\" data-parallax-blur-end=\"0\" data-parallax-opacity-start=\"1\" data-parallax-opacity-end=\"1\" style=\" background-image: url(&#039;https:\/\/www.tmgimpianti.com\/wp-content\/plugins\/bold-page-builder\/img\/blank.gif&#039;);\"><\/div><\/div><div class=\"bt_bb_port\"><div class=\"bt_bb_cell\"><div class=\"bt_bb_cell_inner\"><div class=\"bt_bb_row \"  data-bt-override-class=\"{}\"><div class=\"bt_bb_row_holder\" ><div  class=\"bt_bb_column col-xxl-12 col-xl-12 bt_bb_vertical_align_top bt_bb_align_left bt_bb_padding_normal bt_bb_animation_fade_in move_up animate\" style=\"; --column-width:12;\" data-width=\"12\" data-bt-override-class=\"{}\"><div class=\"bt_bb_column_content\"><div class=\"bt_bb_column_content_inner\"><header data-bb-version=\"5.4.3\" class=\"bt_bb_headline bt_bb_dash_top bt_bb_subheadline bt_bb_size_medium bt_bb_align_inherit\" data-bt-override-class=\"{}\"><h3 class=\"bt_bb_headline_tag\"><span class=\"bt_bb_headline_content\"><span><u>TMG<\/u> <b>POLITIQUE INT\u00c9GR\u00c9E DE QUALIT\u00c9 ET DE S\u00c9CURIT\u00c9<\/b> <\/span><\/span><\/h3><div class=\"bt_bb_headline_subheadline\">Nos valeurs fa\u00e7onnent notre fa\u00e7on d'agir, tant \u00e0 l'int\u00e9rieur qu'\u00e0 l'ext\u00e9rieur de l'entreprise, et constituent le fondement de notre r\u00e9ussite au sein des communaut\u00e9s o\u00f9 nous op\u00e9rons. La n\u00e9cessit\u00e9 d'\u00eatre comp\u00e9titif sur un march\u00e9 en constante \u00e9volution, la n\u00e9cessit\u00e9 de faire \u00e9voluer nos m\u00e9thodes de travail, le choix de ne pas progresser seul, mais avec tous nos partenaires, et la volont\u00e9 de former des collaborateurs d'excellence nous ont conduits \u00e0 d\u00e9finir un cadre de valeurs qui nous inspire au quotidien.<\/p><br \/>\n<p>TMG Impianti SpA consid\u00e8re la qualit\u00e9 de ses produits et services, ainsi que la sant\u00e9 et la s\u00e9curit\u00e9 de son personnel, comme essentielles. Elle a int\u00e9gr\u00e9 ces objectifs \u00e0 toutes ses activit\u00e9s de conception, de fabrication, d'installation et de support pour les machines, syst\u00e8mes et composants de palettisation et de fin de ligne.<\/p><br \/>\n<p>L'entreprise consid\u00e8re le d\u00e9ploiement de ressources financi\u00e8res, technologiques et professionnelles d\u00e9di\u00e9es \u00e0 la qualit\u00e9 et \u00e0 la protection contre les risques professionnels comme un investissement productif et une expression concr\u00e8te et valorisante de son engagement en faveur de l'am\u00e9lioration continue.<\/p><br \/>\n<p>L'entreprise, soucieuse de maintenir son syst\u00e8me de gestion de la qualit\u00e9, de la sant\u00e9 et de la s\u00e9curit\u00e9 efficace et conforme \u00e0 la r\u00e9glementation, entend produire et distribuer des produits s\u00fbrs pour ses clients et conformes aux normes de qualit\u00e9 les plus strictes. L'Organisation entend \u00e9galement minimiser, lorsque cela est techniquement possible et \u00e9conomiquement viable, tout risque pour la sant\u00e9 et la s\u00e9curit\u00e9 de son personnel et de ses sous-traitants\/visiteurs, et vise \u00e0 atteindre les objectifs susmentionn\u00e9s :<br \/><br \/>\n\u2022 Veiller \u00e0 ce que ses activit\u00e9s soient men\u00e9es conform\u00e9ment \u00e0 la l\u00e9gislation applicable et \u00e0 toute exigence volontaire ;<br \/><br \/>\n\u2022 Obtenir des r\u00e9sultats, bas\u00e9s sur des mesures objectives, relatifs \u00e0 la performance et \u00e0 l'efficacit\u00e9 des processus, gr\u00e2ce \u00e0 la d\u00e9finition et au suivi continu d'objectifs et de cibles en mati\u00e8re de qualit\u00e9 et de protection de la sant\u00e9 et de la s\u00e9curit\u00e9 de son personnel ;<br \/><br \/>\n\u2022 Mettre tout en \u0153uvre, sur les plans organisationnel, op\u00e9rationnel et technologique, pour pr\u00e9venir les accidents (y compris les accidents de la route impliquant du personnel en d\u00e9placement), les accidents du travail et les maladies professionnelles ;<br \/><br \/>\n\u2022 Impliquer et consulter l'ensemble du personnel sur les initiatives de l'entreprise visant \u00e0 \u00e9liminer et \u00e0 r\u00e9duire les risques sur le lieu de travail, en promouvant des pratiques op\u00e9rationnelles correctes et s\u00fbres et l'utilisation d'\u00e9quipements de protection individuelle ;<br \/><br \/>\n\u2022 Mettre tout en \u0153uvre pour pr\u00e9venir, ou au moins r\u00e9soudre, toute r\u00e9clamation relative \u00e0 la qualit\u00e9 du produit fourni ou toute non-conformit\u00e9 d\u00e9tect\u00e9e, par un suivi constant de ces aspects tout au long du cycle de production ; \u2022 Veiller \u00e0 ce que le syst\u00e8me soit soutenu par des activit\u00e9s p\u00e9riodiques et syst\u00e9matiques d'information, de formation et de sensibilisation de tous les employ\u00e9s, collaborateurs, fournisseurs, sous-traitants et visiteurs ;<br \/><br \/>\n\u2022 Assurer la r\u00e9vision p\u00e9riodique de la politique de l'entreprise et du syst\u00e8me de gestion afin de garantir leur actualisation et leur ad\u00e9quation \u00e0 la r\u00e9alit\u00e9 de l'entreprise et au contexte dans lequel elle \u00e9volue, ainsi qu'\u00e0 la satisfaction des besoins et des attentes de toutes les parties prenantes ;<br \/><br \/>\n\u2022 Veiller \u00e0 ce que la Politique int\u00e9gr\u00e9e \u00e9nonc\u00e9e dans le pr\u00e9sent document et le syst\u00e8me de gestion associ\u00e9 soient compris, mis en \u0153uvre et maintenus \u00e0 tous les niveaux de l'organisation ;<br \/><br \/>\n\u2022 Veiller \u00e0 ce que ce document soit disponible en externe et communiqu\u00e9 aux personnes travaillant pour l'organisation, telles que les sous-traitants et les fournisseurs.<\/p><br \/>\n<p>Le respect des principes susmentionn\u00e9s est garanti par l'obtention et le maintien des certifications suivantes :<br \/><br \/>\n\u2022 Qualit\u00e9, selon la norme UNI EN ISO 9001:2015 ;<br \/><br \/>\n\u2022 Sant\u00e9 et s\u00e9curit\u00e9, selon la norme UNI EN ISO 45001:2023 ;<\/div><\/header><div class=\"bt_bb_separator bt_bb_border_style_none bt_bb_bottom_spacing_medium\" data-bt-override-class=\"null\"><\/div><div class=\"bt_bb_image bt_bb_shape_square bt_bb_target_self bt_bb_align_inherit bt_bb_hover_style_to-grayscale bt_bb_content_display_always bt_bb_content_align_middle\" data-bt-override-class=\"{}\"><span><img loading=\"lazy\" decoding=\"async\" width=\"420\" height=\"164\" src=\"https:\/\/www.tmgimpianti.com\/wp-content\/uploads\/2020\/01\/tuv.png\" class=\"attachment-full size-full\" alt=\"https:\/\/www.tmgimpianti.com\/wp-content\/uploads\/2020\/01\/tuv.png\" data-full_image_src=\"https:\/\/www.tmgimpianti.com\/wp-content\/uploads\/2020\/01\/tuv.png\" title=\"tuv\" srcset=\"https:\/\/www.tmgimpianti.com\/wp-content\/uploads\/2020\/01\/tuv.png 420w, https:\/\/www.tmgimpianti.com\/wp-content\/uploads\/2020\/01\/tuv-320x125.png 320w\" sizes=\"auto, (max-width: 420px) 100vw, 420px\" \/><\/span><\/div><\/div><\/div><\/div><\/div><\/div><\/div><!-- cell_inner --><\/div><!-- cell --><\/div><!-- port --><\/section>\n","protected":false},"excerpt":{"rendered":"","protected":false},"author":1,"featured_media":0,"parent":0,"menu_order":0,"comment_status":"closed","ping_status":"closed","template":"","meta":{"_acf_changed":false,"footnotes":""},"class_list":["post-25116","page","type-page","status-publish","hentry"],"acf":[],"yoast_head":"<!-- This site is optimized with the Yoast SEO plugin v27.5 - https:\/\/yoast.com\/product\/yoast-seo-wordpress\/ -->\n<title>Certificazione TUV - TMG Impianti<\/title>\n<meta name=\"robots\" content=\"index, follow, max-snippet:-1, max-image-preview:large, max-video-preview:-1\" \/>\n<link rel=\"canonical\" href=\"https:\/\/www.tmgimpianti.com\/fr\/qualita\/\" \/>\n<meta property=\"og:locale\" content=\"fr_FR\" \/>\n<meta property=\"og:type\" content=\"article\" \/>\n<meta property=\"og:title\" content=\"Certificazione TUV - TMG Impianti\" \/>\n<meta property=\"og:url\" content=\"https:\/\/www.tmgimpianti.com\/fr\/qualita\/\" \/>\n<meta property=\"og:site_name\" content=\"TMG Impianti\" \/>\n<meta property=\"article:publisher\" content=\"https:\/\/www.facebook.com\/TMGimpianti\/\" \/>\n<meta property=\"article:modified_time\" content=\"2025-09-24T11:00:43+00:00\" \/>\n<meta name=\"twitter:card\" content=\"summary_large_image\" \/>\n<meta name=\"twitter:label1\" content=\"Dur\u00e9e de lecture estim\u00e9e\" \/>\n\t<meta name=\"twitter:data1\" content=\"5 minutes\" \/>\n<script type=\"application\/ld+json\" class=\"yoast-schema-graph\">{\"@context\":\"https:\\\/\\\/schema.org\",\"@graph\":[{\"@type\":\"WebPage\",\"@id\":\"https:\\\/\\\/www.tmgimpianti.com\\\/fr\\\/qualita\\\/\",\"url\":\"https:\\\/\\\/www.tmgimpianti.com\\\/fr\\\/qualita\\\/\",\"name\":\"Certificazione TUV - TMG Impianti\",\"isPartOf\":{\"@id\":\"https:\\\/\\\/www.tmgimpianti.com\\\/fr\\\/#website\"},\"datePublished\":\"2020-01-17T12:15:01+00:00\",\"dateModified\":\"2025-09-24T11:00:43+00:00\",\"breadcrumb\":{\"@id\":\"https:\\\/\\\/www.tmgimpianti.com\\\/fr\\\/qualita\\\/#breadcrumb\"},\"inLanguage\":\"fr-FR\",\"potentialAction\":[{\"@type\":\"ReadAction\",\"target\":[\"https:\\\/\\\/www.tmgimpianti.com\\\/fr\\\/qualita\\\/\"]}]},{\"@type\":\"BreadcrumbList\",\"@id\":\"https:\\\/\\\/www.tmgimpianti.com\\\/fr\\\/qualita\\\/#breadcrumb\",\"itemListElement\":[{\"@type\":\"ListItem\",\"position\":1,\"name\":\"Home\",\"item\":\"https:\\\/\\\/www.tmgimpianti.com\\\/fr\\\/\"},{\"@type\":\"ListItem\",\"position\":2,\"name\":\"Certificazione TUV\"}]},{\"@type\":\"WebSite\",\"@id\":\"https:\\\/\\\/www.tmgimpianti.com\\\/fr\\\/#website\",\"url\":\"https:\\\/\\\/www.tmgimpianti.com\\\/fr\\\/\",\"name\":\"TMG Impianti\",\"description\":\"Soluzioni automatizzate per imballaggi\",\"publisher\":{\"@id\":\"https:\\\/\\\/www.tmgimpianti.com\\\/fr\\\/#organization\"},\"potentialAction\":[{\"@type\":\"SearchAction\",\"target\":{\"@type\":\"EntryPoint\",\"urlTemplate\":\"https:\\\/\\\/www.tmgimpianti.com\\\/fr\\\/?s={search_term_string}\"},\"query-input\":{\"@type\":\"PropertyValueSpecification\",\"valueRequired\":true,\"valueName\":\"search_term_string\"}}],\"inLanguage\":\"fr-FR\"},{\"@type\":\"Organization\",\"@id\":\"https:\\\/\\\/www.tmgimpianti.com\\\/fr\\\/#organization\",\"name\":\"TMG Impianti S.P.A.\",\"url\":\"https:\\\/\\\/www.tmgimpianti.com\\\/fr\\\/\",\"logo\":{\"@type\":\"ImageObject\",\"inLanguage\":\"fr-FR\",\"@id\":\"https:\\\/\\\/www.tmgimpianti.com\\\/fr\\\/#\\\/schema\\\/logo\\\/image\\\/\",\"url\":\"https:\\\/\\\/www.tmgimpianti.com\\\/wp-content\\\/uploads\\\/2019\\\/09\\\/TMG-ico.png\",\"contentUrl\":\"https:\\\/\\\/www.tmgimpianti.com\\\/wp-content\\\/uploads\\\/2019\\\/09\\\/TMG-ico.png\",\"width\":512,\"height\":512,\"caption\":\"TMG Impianti S.P.A.\"},\"image\":{\"@id\":\"https:\\\/\\\/www.tmgimpianti.com\\\/fr\\\/#\\\/schema\\\/logo\\\/image\\\/\"},\"sameAs\":[\"https:\\\/\\\/www.facebook.com\\\/TMGimpianti\\\/\",\"https:\\\/\\\/www.instagram.com\\\/tmgimpianti\\\/\"]}]}<\/script>\n<!-- \/ Yoast SEO plugin. -->","yoast_head_json":{"title":"Certificazione TUV - TMG Impianti","robots":{"index":"index","follow":"follow","max-snippet":"max-snippet:-1","max-image-preview":"max-image-preview:large","max-video-preview":"max-video-preview:-1"},"canonical":"https:\/\/www.tmgimpianti.com\/fr\/qualita\/","og_locale":"fr_FR","og_type":"article","og_title":"Certificazione TUV - TMG Impianti","og_url":"https:\/\/www.tmgimpianti.com\/fr\/qualita\/","og_site_name":"TMG Impianti","article_publisher":"https:\/\/www.facebook.com\/TMGimpianti\/","article_modified_time":"2025-09-24T11:00:43+00:00","twitter_card":"summary_large_image","twitter_misc":{"Dur\u00e9e de lecture estim\u00e9e":"5 minutes"},"schema":{"@context":"https:\/\/schema.org","@graph":[{"@type":"WebPage","@id":"https:\/\/www.tmgimpianti.com\/fr\/qualita\/","url":"https:\/\/www.tmgimpianti.com\/fr\/qualita\/","name":"Certificazione TUV - TMG Impianti","isPartOf":{"@id":"https:\/\/www.tmgimpianti.com\/fr\/#website"},"datePublished":"2020-01-17T12:15:01+00:00","dateModified":"2025-09-24T11:00:43+00:00","breadcrumb":{"@id":"https:\/\/www.tmgimpianti.com\/fr\/qualita\/#breadcrumb"},"inLanguage":"fr-FR","potentialAction":[{"@type":"ReadAction","target":["https:\/\/www.tmgimpianti.com\/fr\/qualita\/"]}]},{"@type":"BreadcrumbList","@id":"https:\/\/www.tmgimpianti.com\/fr\/qualita\/#breadcrumb","itemListElement":[{"@type":"ListItem","position":1,"name":"Home","item":"https:\/\/www.tmgimpianti.com\/fr\/"},{"@type":"ListItem","position":2,"name":"Certificazione TUV"}]},{"@type":"WebSite","@id":"https:\/\/www.tmgimpianti.com\/fr\/#website","url":"https:\/\/www.tmgimpianti.com\/fr\/","name":"TMG Impianti","description":"Soluzioni automatizzate per imballaggi","publisher":{"@id":"https:\/\/www.tmgimpianti.com\/fr\/#organization"},"potentialAction":[{"@type":"SearchAction","target":{"@type":"EntryPoint","urlTemplate":"https:\/\/www.tmgimpianti.com\/fr\/?s={search_term_string}"},"query-input":{"@type":"PropertyValueSpecification","valueRequired":true,"valueName":"search_term_string"}}],"inLanguage":"fr-FR"},{"@type":"Organization","@id":"https:\/\/www.tmgimpianti.com\/fr\/#organization","name":"TMG Impianti S.P.A.","url":"https:\/\/www.tmgimpianti.com\/fr\/","logo":{"@type":"ImageObject","inLanguage":"fr-FR","@id":"https:\/\/www.tmgimpianti.com\/fr\/#\/schema\/logo\/image\/","url":"https:\/\/www.tmgimpianti.com\/wp-content\/uploads\/2019\/09\/TMG-ico.png","contentUrl":"https:\/\/www.tmgimpianti.com\/wp-content\/uploads\/2019\/09\/TMG-ico.png","width":512,"height":512,"caption":"TMG Impianti S.P.A."},"image":{"@id":"https:\/\/www.tmgimpianti.com\/fr\/#\/schema\/logo\/image\/"},"sameAs":["https:\/\/www.facebook.com\/TMGimpianti\/","https:\/\/www.instagram.com\/tmgimpianti\/"]}]}},"_links":{"self":[{"href":"https:\/\/www.tmgimpianti.com\/fr\/wp-json\/wp\/v2\/pages\/25116","targetHints":{"allow":["GET"]}}],"collection":[{"href":"https:\/\/www.tmgimpianti.com\/fr\/wp-json\/wp\/v2\/pages"}],"about":[{"href":"https:\/\/www.tmgimpianti.com\/fr\/wp-json\/wp\/v2\/types\/page"}],"author":[{"embeddable":true,"href":"https:\/\/www.tmgimpianti.com\/fr\/wp-json\/wp\/v2\/users\/1"}],"replies":[{"embeddable":true,"href":"https:\/\/www.tmgimpianti.com\/fr\/wp-json\/wp\/v2\/comments?post=25116"}],"version-history":[{"count":9,"href":"https:\/\/www.tmgimpianti.com\/fr\/wp-json\/wp\/v2\/pages\/25116\/revisions"}],"predecessor-version":[{"id":54890,"href":"https:\/\/www.tmgimpianti.com\/fr\/wp-json\/wp\/v2\/pages\/25116\/revisions\/54890"}],"wp:attachment":[{"href":"https:\/\/www.tmgimpianti.com\/fr\/wp-json\/wp\/v2\/media?parent=25116"}],"curies":[{"name":"wp","href":"https:\/\/api.w.org\/{rel}","templated":true}]}}