{"id":25118,"date":"2020-01-17T12:15:01","date_gmt":"2020-01-17T12:15:01","guid":{"rendered":"https:\/\/www.tmgimpianti.com\/certificazione-tuv\/"},"modified":"2025-09-24T12:39:20","modified_gmt":"2025-09-24T12:39:20","slug":"qualita","status":"publish","type":"page","link":"https:\/\/www.tmgimpianti.com\/pt-br\/qualita\/","title":{"rendered":"Certificazione TUV"},"content":{"rendered":"<section id=\"bt_bb_section6a01ce156902e\" class=\"bt_bb_section bt_bb_layout_boxed_1200 bt_bb_vertical_align_top bt_bb_top_spacing_large bt_bb_bottom_spacing_medium\" style=\"background-position:center;background-size:cover;\" data-bt-override-class=\"null\"><div class=\"bt_bb_background_image_holder_wrapper\"><div class=\"bt_bb_background_image_holder btLazyLoadBackground\"  data-background_image_src=\"https:\/\/www.tmgimpianti.com\/wp-content\/uploads\/2019\/04\/bgn-cases-3.png\" data-parallax-zoom-start=\"1\" data-parallax-zoom-end=\"1\" data-parallax-blur-start=\"0\" data-parallax-blur-end=\"0\" data-parallax-opacity-start=\"1\" data-parallax-opacity-end=\"1\" style=\" background-image: url(&#039;https:\/\/www.tmgimpianti.com\/wp-content\/plugins\/bold-page-builder\/img\/blank.gif&#039;);\"><\/div><\/div><div class=\"bt_bb_port\"><div class=\"bt_bb_cell\"><div class=\"bt_bb_cell_inner\"><div class=\"bt_bb_row \"  data-bt-override-class=\"{}\"><div class=\"bt_bb_row_holder\" ><div  class=\"bt_bb_column col-xxl-12 col-xl-12 bt_bb_vertical_align_top bt_bb_align_left bt_bb_padding_normal bt_bb_animation_fade_in move_up animate\" style=\"; --column-width:12;\" data-width=\"12\" data-bt-override-class=\"{}\"><div class=\"bt_bb_column_content\"><div class=\"bt_bb_column_content_inner\"><header data-bb-version=\"5.4.3\" class=\"bt_bb_headline bt_bb_dash_top bt_bb_subheadline bt_bb_size_medium bt_bb_align_inherit\" data-bt-override-class=\"{}\"><h3 class=\"bt_bb_headline_tag\"><span class=\"bt_bb_headline_content\"><span><u>TMG<\/u> <b>POL\u00cdTICA INTEGRADA DE QUALIDADE E SEGURAN\u00c7A<\/b> <\/span><\/span><\/h3><div class=\"bt_bb_headline_subheadline\">Nossos valores moldam a maneira como atuamos dentro e fora da empresa e s\u00e3o a base do nosso sucesso nas comunidades onde atuamos. A necessidade de competir em um mercado em constante evolu\u00e7\u00e3o, a necessidade de mudar nossa forma de trabalhar, a escolha de nunca crescer sozinhos, mas sim em conjunto com todos os nossos parceiros, e o desejo de cultivar pessoas excelentes nos levaram a definir uma estrutura de valores que nos inspira diariamente.<\/p><br \/>\n<p>A TMG Impianti SpA considera a qualidade de seus produtos e servi\u00e7os, bem como a sa\u00fade e a seguran\u00e7a de seus funcion\u00e1rios, essenciais e integrou esses objetivos em todas as suas atividades de projeto, fabrica\u00e7\u00e3o, instala\u00e7\u00e3o e suporte para m\u00e1quinas, sistemas e componentes de paletiza\u00e7\u00e3o e fim de linha.<\/p><br \/>\n<p>A empresa considera a implanta\u00e7\u00e3o de recursos financeiros, tecnol\u00f3gicos e profissionais dedicados \u00e0 qualidade e \u00e0 prote\u00e7\u00e3o contra riscos ocupacionais um investimento produtivo e uma express\u00e3o concreta e qualificada de seu compromisso com a melhoria cont\u00ednua.<\/p><br \/>\n<p>A empresa, comprometida em manter seu sistema de gest\u00e3o de Qualidade, Sa\u00fade e Seguran\u00e7a eficaz e em conformidade com as normas, pretende produzir e distribuir produtos seguros para os clientes e que atendam aos mais altos padr\u00f5es de qualidade. A Organiza\u00e7\u00e3o tamb\u00e9m pretende minimizar, sempre que tecnicamente poss\u00edvel e economicamente vi\u00e1vel, qualquer risco \u00e0 sa\u00fade e seguran\u00e7a de seu pessoal e contratados\/visitantes, e pretende atingir os objetivos acima mencionados:<br \/><br \/>\n\u2022 Garantir que suas atividades sejam realizadas em conformidade com a legisla\u00e7\u00e3o aplic\u00e1vel e quaisquer requisitos volunt\u00e1rios;<br \/><br \/>\n\u2022 Alcan\u00e7ar resultados, com base em medi\u00e7\u00f5es objetivas, relativos ao desempenho e \u00e0 efic\u00e1cia dos processos, por meio da defini\u00e7\u00e3o e do monitoramento cont\u00ednuo de objetivos e metas de qualidade e da prote\u00e7\u00e3o da sa\u00fade e seguran\u00e7a de seu pessoal;<br \/><br \/>\n\u2022 Empreender todos os esfor\u00e7os, organizacional, operacional e tecnol\u00f3gico, para prevenir acidentes (incluindo acidentes rodovi\u00e1rios envolvendo pessoal em viagem), les\u00f5es no local de trabalho e doen\u00e7as ocupacionais;<br \/><br \/>\n\u2022 Envolver e consultar todo o pessoal sobre as iniciativas da empresa para eliminar e reduzir os riscos no local de trabalho, promovendo pr\u00e1ticas operacionais corretas e seguras e o uso de equipamentos de prote\u00e7\u00e3o individual;<br \/><br \/>\n\u2022 Empreender todos os esfor\u00e7os para prevenir, ou pelo menos solucionar, quaisquer reclama\u00e7\u00f5es relacionadas \u00e0 qualidade do produto fornecido ou quaisquer n\u00e3o conformidades detectadas, por meio do monitoramento constante desses aspectos ao longo de todo o ciclo de produ\u00e7\u00e3o;<\/p><br \/>\n<p>\u2022 Garantir que o sistema seja apoiado por atividades peri\u00f3dicas e sistem\u00e1ticas de informa\u00e7\u00e3o, treinamento e conscientiza\u00e7\u00e3o para todos os funcion\u00e1rios, colaboradores, fornecedores, contratados e visitantes;<br \/><br \/>\n\u2022 Garantir a revis\u00e3o peri\u00f3dica da pol\u00edtica e do sistema de gest\u00e3o da empresa, garantindo que estejam sempre atualizados e adequados \u00e0 realidade da empresa e ao contexto em que a organiza\u00e7\u00e3o atua, e atendam \u00e0s necessidades e expectativas de todas as partes interessadas;<br \/><br \/>\n\u2022 Garantir que a Pol\u00edtica Integrada aqui estabelecida e o sistema de gest\u00e3o relacionado sejam compreendidos, implementados e mantidos em todos os n\u00edveis da organiza\u00e7\u00e3o;<br \/><br \/>\n\u2022 Garantir que este documento esteja dispon\u00edvel externamente e seja comunicado a todos os que trabalham na organiza\u00e7\u00e3o, como contratados e fornecedores.<\/p><br \/>\n<p>O cumprimento dos princ\u00edpios acima \u00e9 garantido pela obten\u00e7\u00e3o e manuten\u00e7\u00e3o das seguintes certifica\u00e7\u00f5es:<br \/><br \/>\n\u2022 Qualidade, de acordo com a norma UNI EN ISO 9001:2015;<br \/><br \/>\n\u2022 Sa\u00fade e Seguran\u00e7a, de acordo com a norma UNI EN ISO 45001:2023;<\/div><\/header><div class=\"bt_bb_separator bt_bb_border_style_none bt_bb_bottom_spacing_medium\" data-bt-override-class=\"null\"><\/div><div class=\"bt_bb_image bt_bb_shape_square bt_bb_target_self bt_bb_align_inherit bt_bb_hover_style_to-grayscale bt_bb_content_display_always bt_bb_content_align_middle\" data-bt-override-class=\"{}\"><span><img loading=\"lazy\" decoding=\"async\" width=\"420\" height=\"164\" src=\"https:\/\/www.tmgimpianti.com\/wp-content\/uploads\/2020\/01\/tuv.png\" class=\"attachment-full size-full\" alt=\"https:\/\/www.tmgimpianti.com\/wp-content\/uploads\/2020\/01\/tuv.png\" data-full_image_src=\"https:\/\/www.tmgimpianti.com\/wp-content\/uploads\/2020\/01\/tuv.png\" title=\"tuv\" srcset=\"https:\/\/www.tmgimpianti.com\/wp-content\/uploads\/2020\/01\/tuv.png 420w, https:\/\/www.tmgimpianti.com\/wp-content\/uploads\/2020\/01\/tuv-320x125.png 320w\" sizes=\"auto, (max-width: 420px) 100vw, 420px\" \/><\/span><\/div><\/div><\/div><\/div><\/div><\/div><\/div><!-- cell_inner --><\/div><!-- cell --><\/div><!-- port --><\/section>\n","protected":false},"excerpt":{"rendered":"","protected":false},"author":1,"featured_media":0,"parent":0,"menu_order":0,"comment_status":"closed","ping_status":"closed","template":"","meta":{"_acf_changed":false,"footnotes":""},"class_list":["post-25118","page","type-page","status-publish","hentry"],"acf":[],"yoast_head":"<!-- This site is optimized with the Yoast SEO plugin v27.5 - https:\/\/yoast.com\/product\/yoast-seo-wordpress\/ -->\n<title>Certificazione TUV - TMG Impianti<\/title>\n<meta name=\"robots\" content=\"index, follow, max-snippet:-1, max-image-preview:large, max-video-preview:-1\" \/>\n<link rel=\"canonical\" href=\"https:\/\/www.tmgimpianti.com\/pt-br\/qualita\/\" \/>\n<meta property=\"og:locale\" content=\"pt_BR\" \/>\n<meta property=\"og:type\" content=\"article\" \/>\n<meta property=\"og:title\" content=\"Certificazione TUV - TMG Impianti\" \/>\n<meta property=\"og:url\" content=\"https:\/\/www.tmgimpianti.com\/pt-br\/qualita\/\" \/>\n<meta property=\"og:site_name\" content=\"TMG Impianti\" \/>\n<meta property=\"article:publisher\" content=\"https:\/\/www.facebook.com\/TMGimpianti\/\" \/>\n<meta property=\"article:modified_time\" content=\"2025-09-24T12:39:20+00:00\" \/>\n<meta name=\"twitter:card\" content=\"summary_large_image\" \/>\n<meta name=\"twitter:label1\" content=\"Est. tempo de leitura\" \/>\n\t<meta name=\"twitter:data1\" content=\"4 minutos\" \/>\n<script type=\"application\/ld+json\" class=\"yoast-schema-graph\">{\"@context\":\"https:\\\/\\\/schema.org\",\"@graph\":[{\"@type\":\"WebPage\",\"@id\":\"https:\\\/\\\/www.tmgimpianti.com\\\/pt-br\\\/qualita\\\/\",\"url\":\"https:\\\/\\\/www.tmgimpianti.com\\\/pt-br\\\/qualita\\\/\",\"name\":\"Certificazione TUV - TMG Impianti\",\"isPartOf\":{\"@id\":\"https:\\\/\\\/www.tmgimpianti.com\\\/pt-br\\\/#website\"},\"datePublished\":\"2020-01-17T12:15:01+00:00\",\"dateModified\":\"2025-09-24T12:39:20+00:00\",\"breadcrumb\":{\"@id\":\"https:\\\/\\\/www.tmgimpianti.com\\\/pt-br\\\/qualita\\\/#breadcrumb\"},\"inLanguage\":\"pt-BR\",\"potentialAction\":[{\"@type\":\"ReadAction\",\"target\":[\"https:\\\/\\\/www.tmgimpianti.com\\\/pt-br\\\/qualita\\\/\"]}]},{\"@type\":\"BreadcrumbList\",\"@id\":\"https:\\\/\\\/www.tmgimpianti.com\\\/pt-br\\\/qualita\\\/#breadcrumb\",\"itemListElement\":[{\"@type\":\"ListItem\",\"position\":1,\"name\":\"Home\",\"item\":\"https:\\\/\\\/www.tmgimpianti.com\\\/pt-br\\\/\"},{\"@type\":\"ListItem\",\"position\":2,\"name\":\"Certificazione TUV\"}]},{\"@type\":\"WebSite\",\"@id\":\"https:\\\/\\\/www.tmgimpianti.com\\\/pt-br\\\/#website\",\"url\":\"https:\\\/\\\/www.tmgimpianti.com\\\/pt-br\\\/\",\"name\":\"TMG Impianti\",\"description\":\"Soluzioni automatizzate per imballaggi\",\"publisher\":{\"@id\":\"https:\\\/\\\/www.tmgimpianti.com\\\/pt-br\\\/#organization\"},\"potentialAction\":[{\"@type\":\"SearchAction\",\"target\":{\"@type\":\"EntryPoint\",\"urlTemplate\":\"https:\\\/\\\/www.tmgimpianti.com\\\/pt-br\\\/?s={search_term_string}\"},\"query-input\":{\"@type\":\"PropertyValueSpecification\",\"valueRequired\":true,\"valueName\":\"search_term_string\"}}],\"inLanguage\":\"pt-BR\"},{\"@type\":\"Organization\",\"@id\":\"https:\\\/\\\/www.tmgimpianti.com\\\/pt-br\\\/#organization\",\"name\":\"TMG Impianti S.P.A.\",\"url\":\"https:\\\/\\\/www.tmgimpianti.com\\\/pt-br\\\/\",\"logo\":{\"@type\":\"ImageObject\",\"inLanguage\":\"pt-BR\",\"@id\":\"https:\\\/\\\/www.tmgimpianti.com\\\/pt-br\\\/#\\\/schema\\\/logo\\\/image\\\/\",\"url\":\"https:\\\/\\\/www.tmgimpianti.com\\\/wp-content\\\/uploads\\\/2019\\\/09\\\/TMG-ico.png\",\"contentUrl\":\"https:\\\/\\\/www.tmgimpianti.com\\\/wp-content\\\/uploads\\\/2019\\\/09\\\/TMG-ico.png\",\"width\":512,\"height\":512,\"caption\":\"TMG Impianti S.P.A.\"},\"image\":{\"@id\":\"https:\\\/\\\/www.tmgimpianti.com\\\/pt-br\\\/#\\\/schema\\\/logo\\\/image\\\/\"},\"sameAs\":[\"https:\\\/\\\/www.facebook.com\\\/TMGimpianti\\\/\",\"https:\\\/\\\/www.instagram.com\\\/tmgimpianti\\\/\"]}]}<\/script>\n<!-- \/ Yoast SEO plugin. -->","yoast_head_json":{"title":"Certificazione TUV - TMG Impianti","robots":{"index":"index","follow":"follow","max-snippet":"max-snippet:-1","max-image-preview":"max-image-preview:large","max-video-preview":"max-video-preview:-1"},"canonical":"https:\/\/www.tmgimpianti.com\/pt-br\/qualita\/","og_locale":"pt_BR","og_type":"article","og_title":"Certificazione TUV - TMG Impianti","og_url":"https:\/\/www.tmgimpianti.com\/pt-br\/qualita\/","og_site_name":"TMG Impianti","article_publisher":"https:\/\/www.facebook.com\/TMGimpianti\/","article_modified_time":"2025-09-24T12:39:20+00:00","twitter_card":"summary_large_image","twitter_misc":{"Est. tempo de leitura":"4 minutos"},"schema":{"@context":"https:\/\/schema.org","@graph":[{"@type":"WebPage","@id":"https:\/\/www.tmgimpianti.com\/pt-br\/qualita\/","url":"https:\/\/www.tmgimpianti.com\/pt-br\/qualita\/","name":"Certificazione TUV - TMG Impianti","isPartOf":{"@id":"https:\/\/www.tmgimpianti.com\/pt-br\/#website"},"datePublished":"2020-01-17T12:15:01+00:00","dateModified":"2025-09-24T12:39:20+00:00","breadcrumb":{"@id":"https:\/\/www.tmgimpianti.com\/pt-br\/qualita\/#breadcrumb"},"inLanguage":"pt-BR","potentialAction":[{"@type":"ReadAction","target":["https:\/\/www.tmgimpianti.com\/pt-br\/qualita\/"]}]},{"@type":"BreadcrumbList","@id":"https:\/\/www.tmgimpianti.com\/pt-br\/qualita\/#breadcrumb","itemListElement":[{"@type":"ListItem","position":1,"name":"Home","item":"https:\/\/www.tmgimpianti.com\/pt-br\/"},{"@type":"ListItem","position":2,"name":"Certificazione TUV"}]},{"@type":"WebSite","@id":"https:\/\/www.tmgimpianti.com\/pt-br\/#website","url":"https:\/\/www.tmgimpianti.com\/pt-br\/","name":"TMG Impianti","description":"Soluzioni automatizzate per imballaggi","publisher":{"@id":"https:\/\/www.tmgimpianti.com\/pt-br\/#organization"},"potentialAction":[{"@type":"SearchAction","target":{"@type":"EntryPoint","urlTemplate":"https:\/\/www.tmgimpianti.com\/pt-br\/?s={search_term_string}"},"query-input":{"@type":"PropertyValueSpecification","valueRequired":true,"valueName":"search_term_string"}}],"inLanguage":"pt-BR"},{"@type":"Organization","@id":"https:\/\/www.tmgimpianti.com\/pt-br\/#organization","name":"TMG Impianti S.P.A.","url":"https:\/\/www.tmgimpianti.com\/pt-br\/","logo":{"@type":"ImageObject","inLanguage":"pt-BR","@id":"https:\/\/www.tmgimpianti.com\/pt-br\/#\/schema\/logo\/image\/","url":"https:\/\/www.tmgimpianti.com\/wp-content\/uploads\/2019\/09\/TMG-ico.png","contentUrl":"https:\/\/www.tmgimpianti.com\/wp-content\/uploads\/2019\/09\/TMG-ico.png","width":512,"height":512,"caption":"TMG Impianti S.P.A."},"image":{"@id":"https:\/\/www.tmgimpianti.com\/pt-br\/#\/schema\/logo\/image\/"},"sameAs":["https:\/\/www.facebook.com\/TMGimpianti\/","https:\/\/www.instagram.com\/tmgimpianti\/"]}]}},"_links":{"self":[{"href":"https:\/\/www.tmgimpianti.com\/pt-br\/wp-json\/wp\/v2\/pages\/25118","targetHints":{"allow":["GET"]}}],"collection":[{"href":"https:\/\/www.tmgimpianti.com\/pt-br\/wp-json\/wp\/v2\/pages"}],"about":[{"href":"https:\/\/www.tmgimpianti.com\/pt-br\/wp-json\/wp\/v2\/types\/page"}],"author":[{"embeddable":true,"href":"https:\/\/www.tmgimpianti.com\/pt-br\/wp-json\/wp\/v2\/users\/1"}],"replies":[{"embeddable":true,"href":"https:\/\/www.tmgimpianti.com\/pt-br\/wp-json\/wp\/v2\/comments?post=25118"}],"version-history":[{"count":8,"href":"https:\/\/www.tmgimpianti.com\/pt-br\/wp-json\/wp\/v2\/pages\/25118\/revisions"}],"predecessor-version":[{"id":54893,"href":"https:\/\/www.tmgimpianti.com\/pt-br\/wp-json\/wp\/v2\/pages\/25118\/revisions\/54893"}],"wp:attachment":[{"href":"https:\/\/www.tmgimpianti.com\/pt-br\/wp-json\/wp\/v2\/media?parent=25118"}],"curies":[{"name":"wp","href":"https:\/\/api.w.org\/{rel}","templated":true}]}}